{"id":130,"date":"2022-08-26T01:23:07","date_gmt":"2022-08-26T01:23:07","guid":{"rendered":"https:\/\/www.aranalde.com.br\/prdprd?page_id=130"},"modified":"2024-03-27T23:05:04","modified_gmt":"2024-03-27T23:05:04","slug":"o-escritorio","status":"publish","type":"page","link":"https:\/\/www.aranalde.com.br\/prd\/o-escritorio\/","title":{"rendered":"O Escrit\u00f3rio"},"content":{"rendered":"<section class=\"l-section wpb_row height_medium\"><div class=\"l-section-h i-cf\"><div class=\"g-cols vc_row via_grid cols_1 laptops-cols_inherit tablets-cols_inherit mobiles-cols_1 valign_top type_default stacking_default\"><div class=\"wpb_column vc_column_container\"><div class=\"vc_column-inner\"><div class=\"wpb_text_column\"><div class=\"wpb_wrapper\"><h2 style=\"text-align: left;\"><b>Solu\u00e7\u00f5es sob medida, no judicial e no extrajudicial, para as \u00e1reas Trabalhista e Empresarial.<\/b><\/h2>\n<\/div><\/div><\/div><\/div><\/div><\/div><\/section><section class=\"l-section wpb_row height_medium\"><div class=\"l-section-h i-cf\"><div class=\"g-cols vc_row via_grid cols_2 laptops-cols_inherit tablets-cols_inherit mobiles-cols_1 valign_top type_default stacking_default\"><div class=\"wpb_column vc_column_container\"><div class=\"vc_column-inner\"><div class=\"wpb_text_column\"><div class=\"wpb_wrapper\"><p><span style=\"font-weight: 400;\">Oferecemos solu\u00e7\u00f5es personalizadas tanto para pessoas f\u00edsicas como para pessoas jur\u00eddicas. Um dos nossos maiores diferenciais \u00e9 conseguir fazer a interface entre os ambientes empresarial e trabalhista, mostrando a exist\u00eancia de muitas converg\u00eancias entre essas \u00e1reas aparentemente conflitantes.\u00a0<\/span><\/p>\n<p>&nbsp;<\/p>\n<p><span style=\"font-weight: 400;\">Entendemos tamb\u00e9m que o mundo jur\u00eddico evoluiu muito nos \u00faltimos anos e que novas pr\u00e1ticas s\u00e3o necess\u00e1rias para conseguirmos resultados mais efetivos para nossos clientes. Por isso, tamb\u00e9m atuamos com muita intensidade na esfera extrajudicial, onde nos destacamos por sermos especialistas em negocia\u00e7\u00e3o empresarial e trabalhista.<\/span><\/p>\n<\/div><\/div><\/div><\/div><div class=\"wpb_column vc_column_container\"><div class=\"vc_column-inner\"><div class=\"w-image align_center\"><div class=\"w-image-h\"><img fetchpriority=\"high\" decoding=\"async\" width=\"1708\" height=\"2560\" src=\"https:\/\/www.aranalde.com.br\/prd\/wp-content\/uploads\/2024\/03\/RODG0358-1920-scaled.jpg\" class=\"attachment-full size-full\" alt=\"\" srcset=\"https:\/\/www.aranalde.com.br\/prd\/wp-content\/uploads\/2024\/03\/RODG0358-1920-scaled.jpg 1708w, https:\/\/www.aranalde.com.br\/prd\/wp-content\/uploads\/2024\/03\/RODG0358-1920-200x300.jpg 200w, https:\/\/www.aranalde.com.br\/prd\/wp-content\/uploads\/2024\/03\/RODG0358-1920-683x1024.jpg 683w\" sizes=\"(max-width: 1708px) 100vw, 1708px\" \/><\/div><\/div><\/div><\/div><\/div><\/div><\/section><section class=\"l-section wpb_row height_medium\"><div class=\"l-section-h i-cf\"><div class=\"g-cols vc_row via_grid cols_2 laptops-cols_inherit tablets-cols_inherit mobiles-cols_1 valign_top type_default stacking_default\"><div class=\"wpb_column vc_column_container\"><div class=\"vc_column-inner\"><div class=\"w-image align_center\"><div class=\"w-image-h\"><img decoding=\"async\" width=\"1920\" height=\"1280\" src=\"https:\/\/www.aranalde.com.br\/prd\/wp-content\/uploads\/2024\/03\/RODG0272-1920.jpg\" class=\"attachment-full size-full\" alt=\"\" srcset=\"https:\/\/www.aranalde.com.br\/prd\/wp-content\/uploads\/2024\/03\/RODG0272-1920.jpg 1920w, https:\/\/www.aranalde.com.br\/prd\/wp-content\/uploads\/2024\/03\/RODG0272-1920-300x200.jpg 300w, https:\/\/www.aranalde.com.br\/prd\/wp-content\/uploads\/2024\/03\/RODG0272-1920-1024x683.jpg 1024w\" sizes=\"(max-width: 1920px) 100vw, 1920px\" \/><\/div><\/div><\/div><\/div><div class=\"wpb_column vc_column_container\"><div class=\"vc_column-inner\"><div class=\"wpb_text_column\"><div class=\"wpb_wrapper\"><p><span style=\"font-weight: 400;\">A negocia\u00e7\u00e3o possibilita que as partes cheguem a um acordo satisfat\u00f3rio de uma forma muito mais r\u00e1pida e com menos investimento financeiro, evitando ainda desgastes emocionais desnecess\u00e1rios que s\u00e3o prolongados ao longo de toda a dura\u00e7\u00e3o de um processo.\u00a0<\/span><\/p>\n<p><span style=\"font-weight: 400;\">E tudo isso com total seguran\u00e7a jur\u00eddica, uma vez que a negocia\u00e7\u00e3o \u00e9 permitida no Brasil desde 2010, onde o <\/span><span style=\"font-weight: 400;\">CNJ &#8211; Conselho Nacional de Justi\u00e7a, criou a resolu\u00e7\u00e3o de No. 125 que certifica o acesso \u00e0 ordem jur\u00eddica justa, que n\u00e3o se confunde com acesso ao judici\u00e1rio, onde a media\u00e7\u00e3o, a negocia\u00e7\u00e3o e a concilia\u00e7\u00e3o s\u00e3o instrumentos efetivos de pacifica\u00e7\u00e3o social, solu\u00e7\u00e3o e preven\u00e7\u00e3o de conflitos. <\/span><\/p>\n<\/div><\/div><\/div><\/div><\/div><\/div><\/section>\n","protected":false},"excerpt":{"rendered":"Solu\u00e7\u00f5es sob medida, no judicial e no extrajudicial, para as \u00e1reas Trabalhista e Empresarial. Oferecemos solu\u00e7\u00f5es personalizadas tanto para pessoas f\u00edsicas como para pessoas jur\u00eddicas. Um dos nossos maiores diferenciais \u00e9 conseguir fazer a interface entre os ambientes empresarial e trabalhista, mostrando a exist\u00eancia de muitas converg\u00eancias entre essas \u00e1reas aparentemente conflitantes.\u00a0 &nbsp; Entendemos tamb\u00e9m...","protected":false},"author":1,"featured_media":0,"parent":0,"menu_order":0,"comment_status":"closed","ping_status":"closed","template":"","meta":{"om_disable_all_campaigns":false,"_monsterinsights_skip_tracking":false,"_monsterinsights_sitenote_active":false,"_monsterinsights_sitenote_note":"","_monsterinsights_sitenote_category":0,"footnotes":""},"class_list":["post-130","page","type-page","status-publish","hentry"],"aioseo_notices":[],"_links":{"self":[{"href":"https:\/\/www.aranalde.com.br\/prd\/wp-json\/wp\/v2\/pages\/130","targetHints":{"allow":["GET"]}}],"collection":[{"href":"https:\/\/www.aranalde.com.br\/prd\/wp-json\/wp\/v2\/pages"}],"about":[{"href":"https:\/\/www.aranalde.com.br\/prd\/wp-json\/wp\/v2\/types\/page"}],"author":[{"embeddable":true,"href":"https:\/\/www.aranalde.com.br\/prd\/wp-json\/wp\/v2\/users\/1"}],"replies":[{"embeddable":true,"href":"https:\/\/www.aranalde.com.br\/prd\/wp-json\/wp\/v2\/comments?post=130"}],"version-history":[{"count":10,"href":"https:\/\/www.aranalde.com.br\/prd\/wp-json\/wp\/v2\/pages\/130\/revisions"}],"predecessor-version":[{"id":404,"href":"https:\/\/www.aranalde.com.br\/prd\/wp-json\/wp\/v2\/pages\/130\/revisions\/404"}],"wp:attachment":[{"href":"https:\/\/www.aranalde.com.br\/prd\/wp-json\/wp\/v2\/media?parent=130"}],"curies":[{"name":"wp","href":"https:\/\/api.w.org\/{rel}","templated":true}]}}